{"id":54,"date":"2021-02-11T16:29:41","date_gmt":"2021-02-11T16:29:41","guid":{"rendered":"http:\/\/xn--comitedesftesdebennecourt-bjc.fr\/?page_id=54"},"modified":"2025-12-02T08:40:06","modified_gmt":"2025-12-02T08:40:06","slug":"bureau-du-cdf","status":"publish","type":"page","link":"https:\/\/comitedesfetesdebennecourt.fr\/index.php\/bureau-du-cdf\/","title":{"rendered":"BUREAU DU CDF"},"content":{"rendered":"\n<div class=\"wp-block-columns alignwide is-layout-flex wp-container-core-columns-is-layout-9d6595d7 wp-block-columns-is-layout-flex\">\n<div class=\"wp-block-column is-layout-flow wp-block-column-is-layout-flow\">\n<h2 class=\"wp-block-heading\"><strong>Le bureau, le conseil d\u2019administration et ses b\u00e9n\u00e9voles<\/strong><\/h2>\n<\/div>\n<\/div>\n\n\n\n<div class=\"wp-block-columns alignwide is-layout-flex wp-container-core-columns-is-layout-9d6595d7 wp-block-columns-is-layout-flex\">\n<div class=\"wp-block-column is-layout-flow wp-block-column-is-layout-flow\">\n<p style=\"font-size:23px\">Le bureau est un organe essentiel au fonctionnement de l\u2019association, il est compos\u00e9 de quelques membres, ayant tous des r\u00f4les tr\u00e8s particuliers. Ensemble ils veillent \u00e0 la bonne gestion de l\u2019association.<\/p>\n\n\n\n<p style=\"font-size:23px\">Le CDF de Bennecourt se r\u00e9unie au mois de janvier de chaque ann\u00e9e afin de faire l\u2019assembl\u00e9e g\u00e9n\u00e9rale, ouvert \u00e0 tous, les bonnes volont\u00e9s sont accept\u00e9es toute l\u2019ann\u00e9e.<\/p>\n<\/div>\n<\/div>\n\n\n\n<div class=\"wp-block-columns alignwide is-layout-flex wp-container-core-columns-is-layout-9d6595d7 wp-block-columns-is-layout-flex\">\n<div class=\"wp-block-column is-layout-flow wp-block-column-is-layout-flow\">\n<figure class=\"wp-block-table\"><table><tbody><tr><td><strong><span class=\"has-inline-color has-accent-color\">Pr\u00e9sident<\/span><\/strong><\/td><td><strong><span class=\"has-inline-color has-accent-color\"><strong>Vice-Pr\u00e9sident<\/strong><\/span><\/strong><\/td><td><strong><span class=\"has-inline-color has-accent-color\"><strong>Secr\u00e9taire<\/strong><\/span><\/strong><\/td><td><strong><span class=\"has-inline-color has-accent-color\">Vice-secr\u00e9taire<\/span><\/strong><\/td><td><strong><span class=\"has-inline-color has-accent-color\"><strong>Tr\u00e9sorier<\/strong><\/span><\/strong><\/td><td><strong><span class=\"has-inline-color has-accent-color\"><strong>Vice-tr\u00e9sorier<\/strong><\/span><\/strong><\/td><\/tr><tr><td>Pierre ROSSET<\/td><td>Roger<br>HERVIEU<\/td><td>Karine <br>LIJOUR<\/td><td>Dominique<br>BOYARD<\/td><td><br>Eric<br>JEANNIN<br><\/td><td>Serge Bore<\/td><\/tr><\/tbody><\/table><\/figure>\n\n\n\n<p><\/p>\n<\/div>\n<\/div>\n\n\n\n<p><\/p>\n","protected":false},"excerpt":{"rendered":"<p>Le bureau, le conseil d\u2019administration et ses b\u00e9n\u00e9voles Le bureau est un organe essentiel au fonctionnement de l\u2019association, il est compos\u00e9 de quelques membres, ayant tous des r\u00f4les tr\u00e8s particuliers. [&hellip;]<\/p>\n","protected":false},"author":1,"featured_media":0,"parent":0,"menu_order":0,"comment_status":"closed","ping_status":"closed","template":"","meta":{"footnotes":""},"class_list":["post-54","page","type-page","status-publish","hentry"],"_links":{"self":[{"href":"https:\/\/comitedesfetesdebennecourt.fr\/index.php\/wp-json\/wp\/v2\/pages\/54","targetHints":{"allow":["GET"]}}],"collection":[{"href":"https:\/\/comitedesfetesdebennecourt.fr\/index.php\/wp-json\/wp\/v2\/pages"}],"about":[{"href":"https:\/\/comitedesfetesdebennecourt.fr\/index.php\/wp-json\/wp\/v2\/types\/page"}],"author":[{"embeddable":true,"href":"https:\/\/comitedesfetesdebennecourt.fr\/index.php\/wp-json\/wp\/v2\/users\/1"}],"replies":[{"embeddable":true,"href":"https:\/\/comitedesfetesdebennecourt.fr\/index.php\/wp-json\/wp\/v2\/comments?post=54"}],"version-history":[{"count":11,"href":"https:\/\/comitedesfetesdebennecourt.fr\/index.php\/wp-json\/wp\/v2\/pages\/54\/revisions"}],"predecessor-version":[{"id":412,"href":"https:\/\/comitedesfetesdebennecourt.fr\/index.php\/wp-json\/wp\/v2\/pages\/54\/revisions\/412"}],"wp:attachment":[{"href":"https:\/\/comitedesfetesdebennecourt.fr\/index.php\/wp-json\/wp\/v2\/media?parent=54"}],"curies":[{"name":"wp","href":"https:\/\/api.w.org\/{rel}","templated":true}]}}