{"id":62,"date":"2021-02-11T16:32:05","date_gmt":"2021-02-11T16:32:05","guid":{"rendered":"http:\/\/xn--comitedesftesdebennecourt-bjc.fr\/?page_id=62"},"modified":"2025-12-02T08:54:42","modified_gmt":"2025-12-02T08:54:42","slug":"manifestation","status":"publish","type":"page","link":"https:\/\/comitedesfetesdebennecourt.fr\/index.php\/manifestation\/","title":{"rendered":"Manifestations 2026"},"content":{"rendered":"\n<div class=\"wp-block-columns is-layout-flex wp-container-core-columns-is-layout-9d6595d7 wp-block-columns-is-layout-flex\">\n<div class=\"wp-block-column is-layout-flow wp-block-column-is-layout-flow\">\n<figure class=\"wp-block-table\"><table><tbody><tr><td><br>Nous vous attendons tr\u00e8s nombreux pour l\u2019ann\u00e9e 2026<br><br><strong><u>Calendrier des manifestations<\/u><\/strong>  :<br><br><strong>17 janvier 2026<\/strong> : Assembl\u00e9e g\u00e9n\u00e9rale<br><strong>30 et 31 mai 2026<\/strong> : Foire \u00e0 tout et Bourse<br><strong>27 juin 2026<\/strong> : <em>Bennecourt en f\u00eate<\/em> \u2013 ambiance des \u00eeles<br><strong>04 octobre 2026\u00a0<\/strong>: Loto<br><strong>10 octobre 2026\u00a0: <\/strong>Soir\u00e9e Cabaret<strong> (R\u00e9servation ouverte)<\/strong><br><strong>31octobre 2026\u00a0: <\/strong>Soir\u00e9e Halloween<br><strong>05 d\u00e9cembre 2026\u00a0:<\/strong> spectacle de No\u00eal<br><strong>12 et 13 d\u00e9cembre 2026\u00a0:<\/strong> March\u00e9 de No\u00eal<\/td><\/tr><\/tbody><\/table><figcaption class=\"wp-element-caption\">info et r\u00e9servation 06 10 77 50 87<\/figcaption><\/figure>\n\n\n\n<p><\/p>\n\n\n\n<p><\/p>\n\n\n\n<p><\/p>\n\n\n\n<blockquote class=\"wp-block-quote is-layout-flow wp-block-quote-is-layout-flow\">\n<p><strong>CDF g\u00e9n\u00e9rateur de moment convivial.<\/strong><\/p>\n<\/blockquote>\n<\/div>\n<\/div>\n\n\n\n<div class=\"wp-block-columns alignfull is-layout-flex wp-container-core-columns-is-layout-9d6595d7 wp-block-columns-is-layout-flex\">\n<div class=\"wp-block-column is-layout-flow wp-block-column-is-layout-flow\" style=\"flex-basis:100%\"><\/div>\n<\/div>\n\n\n\n<p><\/p>\n","protected":false},"excerpt":{"rendered":"<p>Nous vous attendons tr\u00e8s nombreux pour l\u2019ann\u00e9e 2026 Calendrier des manifestations : 17 janvier 2026 : Assembl\u00e9e g\u00e9n\u00e9rale30 et 31 mai 2026 : Foire \u00e0 tout et Bourse27 juin 2026 [&hellip;]<\/p>\n","protected":false},"author":1,"featured_media":0,"parent":0,"menu_order":0,"comment_status":"closed","ping_status":"closed","template":"","meta":{"footnotes":""},"class_list":["post-62","page","type-page","status-publish","hentry"],"_links":{"self":[{"href":"https:\/\/comitedesfetesdebennecourt.fr\/index.php\/wp-json\/wp\/v2\/pages\/62","targetHints":{"allow":["GET"]}}],"collection":[{"href":"https:\/\/comitedesfetesdebennecourt.fr\/index.php\/wp-json\/wp\/v2\/pages"}],"about":[{"href":"https:\/\/comitedesfetesdebennecourt.fr\/index.php\/wp-json\/wp\/v2\/types\/page"}],"author":[{"embeddable":true,"href":"https:\/\/comitedesfetesdebennecourt.fr\/index.php\/wp-json\/wp\/v2\/users\/1"}],"replies":[{"embeddable":true,"href":"https:\/\/comitedesfetesdebennecourt.fr\/index.php\/wp-json\/wp\/v2\/comments?post=62"}],"version-history":[{"count":15,"href":"https:\/\/comitedesfetesdebennecourt.fr\/index.php\/wp-json\/wp\/v2\/pages\/62\/revisions"}],"predecessor-version":[{"id":423,"href":"https:\/\/comitedesfetesdebennecourt.fr\/index.php\/wp-json\/wp\/v2\/pages\/62\/revisions\/423"}],"wp:attachment":[{"href":"https:\/\/comitedesfetesdebennecourt.fr\/index.php\/wp-json\/wp\/v2\/media?parent=62"}],"curies":[{"name":"wp","href":"https:\/\/api.w.org\/{rel}","templated":true}]}}