{"id":64,"date":"2021-02-11T16:32:35","date_gmt":"2021-02-11T16:32:35","guid":{"rendered":"http:\/\/xn--comitedesftesdebennecourt-bjc.fr\/?page_id=64"},"modified":"2023-01-10T11:53:29","modified_gmt":"2023-01-10T11:53:29","slug":"nos-partenaires","status":"publish","type":"page","link":"https:\/\/comitedesfetesdebennecourt.fr\/index.php\/nos-partenaires\/","title":{"rendered":"Nos Sponsors"},"content":{"rendered":"\n<div class=\"wp-block-columns alignwide is-layout-flex wp-container-core-columns-is-layout-9d6595d7 wp-block-columns-is-layout-flex\">\n<div class=\"wp-block-column is-layout-flow wp-block-column-is-layout-flow\">\n<p>Afin de r\u00e9pondre au mieux aux besoins de votre association, nous avons d\u00e9velopp\u00e9 de nombreux partenariats. D\u00e9couvrez ici la richesse et la diversit\u00e9 de ces acteurs.<\/p>\n<\/div>\n<\/div>\n\n\n\n<figure class=\"wp-block-image alignwide size-large\"><img loading=\"lazy\" decoding=\"async\" width=\"1024\" height=\"239\" src=\"https:\/\/comitedesfetesdebennecourt.fr\/wp-content\/uploads\/2023\/01\/Banniere_4_logos_def-5-1024x239.jpg\" alt=\"\" class=\"wp-image-317\" srcset=\"https:\/\/comitedesfetesdebennecourt.fr\/wp-content\/uploads\/2023\/01\/Banniere_4_logos_def-5-1024x239.jpg 1024w, https:\/\/comitedesfetesdebennecourt.fr\/wp-content\/uploads\/2023\/01\/Banniere_4_logos_def-5-300x70.jpg 300w, https:\/\/comitedesfetesdebennecourt.fr\/wp-content\/uploads\/2023\/01\/Banniere_4_logos_def-5-768x179.jpg 768w, https:\/\/comitedesfetesdebennecourt.fr\/wp-content\/uploads\/2023\/01\/Banniere_4_logos_def-5-1536x358.jpg 1536w, https:\/\/comitedesfetesdebennecourt.fr\/wp-content\/uploads\/2023\/01\/Banniere_4_logos_def-5-2048x477.jpg 2048w, https:\/\/comitedesfetesdebennecourt.fr\/wp-content\/uploads\/2023\/01\/Banniere_4_logos_def-5-1200x280.jpg 1200w, https:\/\/comitedesfetesdebennecourt.fr\/wp-content\/uploads\/2023\/01\/Banniere_4_logos_def-5-1980x461.jpg 1980w\" sizes=\"auto, (max-width: 1024px) 100vw, 1024px\" \/><\/figure>\n","protected":false},"excerpt":{"rendered":"<p>Afin de r\u00e9pondre au mieux aux besoins de votre association, nous avons d\u00e9velopp\u00e9 de nombreux partenariats. D\u00e9couvrez ici la richesse et la diversit\u00e9 de ces acteurs.<\/p>\n","protected":false},"author":1,"featured_media":0,"parent":0,"menu_order":0,"comment_status":"closed","ping_status":"closed","template":"","meta":{"footnotes":""},"class_list":["post-64","page","type-page","status-publish","hentry"],"_links":{"self":[{"href":"https:\/\/comitedesfetesdebennecourt.fr\/index.php\/wp-json\/wp\/v2\/pages\/64","targetHints":{"allow":["GET"]}}],"collection":[{"href":"https:\/\/comitedesfetesdebennecourt.fr\/index.php\/wp-json\/wp\/v2\/pages"}],"about":[{"href":"https:\/\/comitedesfetesdebennecourt.fr\/index.php\/wp-json\/wp\/v2\/types\/page"}],"author":[{"embeddable":true,"href":"https:\/\/comitedesfetesdebennecourt.fr\/index.php\/wp-json\/wp\/v2\/users\/1"}],"replies":[{"embeddable":true,"href":"https:\/\/comitedesfetesdebennecourt.fr\/index.php\/wp-json\/wp\/v2\/comments?post=64"}],"version-history":[{"count":11,"href":"https:\/\/comitedesfetesdebennecourt.fr\/index.php\/wp-json\/wp\/v2\/pages\/64\/revisions"}],"predecessor-version":[{"id":320,"href":"https:\/\/comitedesfetesdebennecourt.fr\/index.php\/wp-json\/wp\/v2\/pages\/64\/revisions\/320"}],"wp:attachment":[{"href":"https:\/\/comitedesfetesdebennecourt.fr\/index.php\/wp-json\/wp\/v2\/media?parent=64"}],"curies":[{"name":"wp","href":"https:\/\/api.w.org\/{rel}","templated":true}]}}